{"id":91,"date":"2024-09-21T06:26:27","date_gmt":"2024-09-21T04:26:27","guid":{"rendered":"https:\/\/anamorphose.eu\/wordpress\/?page_id=91"},"modified":"2025-11-20T10:19:53","modified_gmt":"2025-11-20T09:19:53","slug":"litterature","status":"publish","type":"page","link":"https:\/\/anamorphose.eu\/index.php\/litterature\/","title":{"rendered":"\u0152uvres litt\u00e9raires"},"content":{"rendered":"\n<h2 class=\"wp-block-heading\">ATRAMENTA.<\/h2>\n\n\n\n<p class=\"has-large-font-size\"><strong>Je pense qu&rsquo;il est tr\u00e8s important que cette section commence par une explication tr\u00e8s utile \u00e0 ceux d&rsquo;entre vous qui aiment lire et\/ou \u00e9crire. En effet, il existe un site internet merveilleux, enti\u00e8rement d\u00e9di\u00e9 \u00e0 la litt\u00e9rature et accessible gratuitement. Vous aimez lire, vous aimeriez \u00eatre lu, alors, allez sur le site Atramenta : <a href=\"https:\/\/www.atramenta.net\/\" target=\"_blank\" rel=\"noreferrer noopener\">https:\/\/www.atramenta.net\/<\/a> et l\u00e0, vous allez vous r\u00e9galer.<\/strong><\/p>\n\n\n\n<p class=\"has-large-font-size\"><strong>Si vous voulez lire ce que j&rsquo;ai publi\u00e9 sur ce site, faites une recherche par auteur et saisissez Jacky FILS.<\/strong><\/p>\n\n\n\n<p class=\"has-large-font-size\"><strong>Allez, faites un bon voyage<\/strong>.<\/p>\n\n\n\n<h2 class=\"wp-block-heading\">Voici quelques exemples de ce que l&rsquo;on peut trouver sur ce site<\/h2>\n\n\n\n<figure class=\"wp-block-image size-full\"><img loading=\"lazy\" decoding=\"async\" width=\"737\" height=\"539\" src=\"https:\/\/anamorphose.eu\/wordpress\/wp-content\/uploads\/2024\/10\/ABEILLES-cover.jpg\" alt=\"\" class=\"wp-image-249\" srcset=\"https:\/\/anamorphose.eu\/wp-content\/uploads\/2024\/10\/ABEILLES-cover.jpg 737w, https:\/\/anamorphose.eu\/wp-content\/uploads\/2024\/10\/ABEILLES-cover-300x219.jpg 300w, https:\/\/anamorphose.eu\/wp-content\/uploads\/2024\/10\/ABEILLES-cover-410x300.jpg 410w\" sizes=\"auto, (max-width: 737px) 100vw, 737px\" \/><\/figure>\n\n\n\n<figure class=\"wp-block-image size-full\"><img loading=\"lazy\" decoding=\"async\" width=\"754\" height=\"540\" src=\"https:\/\/anamorphose.eu\/wordpress\/wp-content\/uploads\/2024\/10\/SPIRALES-cover.jpg\" alt=\"\" class=\"wp-image-250\" srcset=\"https:\/\/anamorphose.eu\/wp-content\/uploads\/2024\/10\/SPIRALES-cover.jpg 754w, https:\/\/anamorphose.eu\/wp-content\/uploads\/2024\/10\/SPIRALES-cover-300x215.jpg 300w, https:\/\/anamorphose.eu\/wp-content\/uploads\/2024\/10\/SPIRALES-cover-419x300.jpg 419w\" sizes=\"auto, (max-width: 754px) 100vw, 754px\" \/><\/figure>\n\n\n\n<figure class=\"wp-block-image size-large\"><img loading=\"lazy\" decoding=\"async\" width=\"1024\" height=\"671\" src=\"https:\/\/anamorphose.eu\/wordpress\/wp-content\/uploads\/2024\/10\/2084_120x180_128p_bouffant80_softcover-1024x671.jpg\" alt=\"\" class=\"wp-image-253\" srcset=\"https:\/\/anamorphose.eu\/wp-content\/uploads\/2024\/10\/2084_120x180_128p_bouffant80_softcover-1024x671.jpg 1024w, https:\/\/anamorphose.eu\/wp-content\/uploads\/2024\/10\/2084_120x180_128p_bouffant80_softcover-300x196.jpg 300w, https:\/\/anamorphose.eu\/wp-content\/uploads\/2024\/10\/2084_120x180_128p_bouffant80_softcover-768x503.jpg 768w, https:\/\/anamorphose.eu\/wp-content\/uploads\/2024\/10\/2084_120x180_128p_bouffant80_softcover-1536x1006.jpg 1536w, https:\/\/anamorphose.eu\/wp-content\/uploads\/2024\/10\/2084_120x180_128p_bouffant80_softcover-2048x1341.jpg 2048w, https:\/\/anamorphose.eu\/wp-content\/uploads\/2024\/10\/2084_120x180_128p_bouffant80_softcover-421x276.jpg 421w\" sizes=\"auto, (max-width: 1024px) 100vw, 1024px\" \/><\/figure>\n","protected":false},"excerpt":{"rendered":"<p>ATRAMENTA. Je pense qu&rsquo;il est tr\u00e8s important que cette section commence par une explication tr\u00e8s utile \u00e0 ceux d&rsquo;entre vous qui aiment lire et\/ou \u00e9crire. &hellip;<\/p>\n","protected":false},"author":1,"featured_media":287,"parent":0,"menu_order":0,"comment_status":"closed","ping_status":"closed","template":"","meta":{"ngg_post_thumbnail":0,"footnotes":""},"class_list":["post-91","page","type-page","status-publish","has-post-thumbnail","hentry"],"_links":{"self":[{"href":"https:\/\/anamorphose.eu\/index.php\/wp-json\/wp\/v2\/pages\/91","targetHints":{"allow":["GET"]}}],"collection":[{"href":"https:\/\/anamorphose.eu\/index.php\/wp-json\/wp\/v2\/pages"}],"about":[{"href":"https:\/\/anamorphose.eu\/index.php\/wp-json\/wp\/v2\/types\/page"}],"author":[{"embeddable":true,"href":"https:\/\/anamorphose.eu\/index.php\/wp-json\/wp\/v2\/users\/1"}],"replies":[{"embeddable":true,"href":"https:\/\/anamorphose.eu\/index.php\/wp-json\/wp\/v2\/comments?post=91"}],"version-history":[{"count":12,"href":"https:\/\/anamorphose.eu\/index.php\/wp-json\/wp\/v2\/pages\/91\/revisions"}],"predecessor-version":[{"id":1798,"href":"https:\/\/anamorphose.eu\/index.php\/wp-json\/wp\/v2\/pages\/91\/revisions\/1798"}],"wp:featuredmedia":[{"embeddable":true,"href":"https:\/\/anamorphose.eu\/index.php\/wp-json\/wp\/v2\/media\/287"}],"wp:attachment":[{"href":"https:\/\/anamorphose.eu\/index.php\/wp-json\/wp\/v2\/media?parent=91"}],"curies":[{"name":"wp","href":"https:\/\/api.w.org\/{rel}","templated":true}]}}