{"id":20,"date":"2024-09-19T18:50:16","date_gmt":"2024-09-19T16:50:16","guid":{"rendered":"https:\/\/anamorphose.eu\/wordpress\/?page_id=20"},"modified":"2025-10-28T06:56:54","modified_gmt":"2025-10-28T05:56:54","slug":"poesies","status":"publish","type":"page","link":"https:\/\/anamorphose.eu\/index.php\/poesies\/","title":{"rendered":"Po\u00e9sies"},"content":{"rendered":"\n<p class=\"has-normal-font-size\"><strong>Ce recueil de po\u00e8mes a \u00e9t\u00e9 publi\u00e9 en 1982.<br>Il explique qu<\/strong>e,<\/p>\n\n\n\n<p><strong>L&rsquo;Amour,<br>Comme le sable au temps,<br>La pierre tout autant,<br>L&rsquo;un et l&rsquo;autre pour en finir,<br>L&rsquo;un ou l&rsquo;autre par leur devenir,<br>Le gel au froid regard<br>Ou le soleil son bon vouloir<br>Font de la pierre du sable,<br>De la poussi\u00e8re des pierres.<\/strong><\/p>\n\n\n\n<figure class=\"wp-block-gallery has-nested-images columns-default is-cropped wp-block-gallery-1 is-layout-flex wp-block-gallery-is-layout-flex\">\n<figure class=\"wp-block-image size-large\"><img loading=\"lazy\" decoding=\"async\" width=\"626\" height=\"351\" data-id=\"151\" src=\"https:\/\/anamorphose.eu\/wordpress\/wp-content\/uploads\/2024\/09\/photo-silhouette-lonely-person-sitting_959624-16976.jpg\" alt=\"\" class=\"wp-image-151\" srcset=\"https:\/\/anamorphose.eu\/wp-content\/uploads\/2024\/09\/photo-silhouette-lonely-person-sitting_959624-16976.jpg 626w, https:\/\/anamorphose.eu\/wp-content\/uploads\/2024\/09\/photo-silhouette-lonely-person-sitting_959624-16976-300x168.jpg 300w, https:\/\/anamorphose.eu\/wp-content\/uploads\/2024\/09\/photo-silhouette-lonely-person-sitting_959624-16976-421x236.jpg 421w\" sizes=\"auto, (max-width: 626px) 100vw, 626px\" \/><\/figure>\n<\/figure>\n","protected":false},"excerpt":{"rendered":"<p>Ce recueil de po\u00e8mes a \u00e9t\u00e9 publi\u00e9 en 1982.Il explique que, L&rsquo;Amour,Comme le sable au temps,La pierre tout autant,L&rsquo;un et l&rsquo;autre pour en finir,L&rsquo;un ou &hellip;<\/p>\n","protected":false},"author":1,"featured_media":156,"parent":0,"menu_order":0,"comment_status":"closed","ping_status":"closed","template":"","meta":{"ngg_post_thumbnail":0,"footnotes":""},"class_list":["post-20","page","type-page","status-publish","has-post-thumbnail","hentry"],"_links":{"self":[{"href":"https:\/\/anamorphose.eu\/index.php\/wp-json\/wp\/v2\/pages\/20","targetHints":{"allow":["GET"]}}],"collection":[{"href":"https:\/\/anamorphose.eu\/index.php\/wp-json\/wp\/v2\/pages"}],"about":[{"href":"https:\/\/anamorphose.eu\/index.php\/wp-json\/wp\/v2\/types\/page"}],"author":[{"embeddable":true,"href":"https:\/\/anamorphose.eu\/index.php\/wp-json\/wp\/v2\/users\/1"}],"replies":[{"embeddable":true,"href":"https:\/\/anamorphose.eu\/index.php\/wp-json\/wp\/v2\/comments?post=20"}],"version-history":[{"count":3,"href":"https:\/\/anamorphose.eu\/index.php\/wp-json\/wp\/v2\/pages\/20\/revisions"}],"predecessor-version":[{"id":932,"href":"https:\/\/anamorphose.eu\/index.php\/wp-json\/wp\/v2\/pages\/20\/revisions\/932"}],"wp:featuredmedia":[{"embeddable":true,"href":"https:\/\/anamorphose.eu\/index.php\/wp-json\/wp\/v2\/media\/156"}],"wp:attachment":[{"href":"https:\/\/anamorphose.eu\/index.php\/wp-json\/wp\/v2\/media?parent=20"}],"curies":[{"name":"wp","href":"https:\/\/api.w.org\/{rel}","templated":true}]}}