{"id":2,"date":"2024-09-16T19:03:42","date_gmt":"2024-09-16T17:03:42","guid":{"rendered":"http:\/\/anamorphose.eu\/wordpress\/?page_id=2"},"modified":"2026-01-14T09:17:30","modified_gmt":"2026-01-14T08:17:30","slug":"page-d-exemple","status":"publish","type":"page","link":"https:\/\/anamorphose.eu\/","title":{"rendered":"Pr\u00e9sentation"},"content":{"rendered":"\n<p>Le site ANAMORPHOSE sur lequel vous vous trouvez actuellement est un site d\u00e9di\u00e9 \u00e0 toutes sortes de cr\u00e9ations, qu&rsquo;elles soient litt\u00e9raires ou graphiques, mais \u00e9galement un lieu de transmission d&rsquo;informations <\/p>\n\n\n\n<p>si vous souhaitez nous joindre vous pouvez envoyer un mail \u00e0 : anamorphose.fils@laposte.net<\/p>\n\n\n\n<p>Ne soyez pas trop impatient pour nos r\u00e9ponses&#8230; :-))<\/p>\n\n\n\n<p><\/p>\n","protected":false},"excerpt":{"rendered":"<p>Le site ANAMORPHOSE sur lequel vous vous trouvez actuellement est un site d\u00e9di\u00e9 \u00e0 toutes sortes de cr\u00e9ations, qu&rsquo;elles soient litt\u00e9raires ou graphiques, mais \u00e9galement &hellip;<\/p>\n","protected":false},"author":1,"featured_media":102,"parent":0,"menu_order":0,"comment_status":"closed","ping_status":"open","template":"","meta":{"ngg_post_thumbnail":0,"footnotes":""},"class_list":["post-2","page","type-page","status-publish","has-post-thumbnail","hentry"],"_links":{"self":[{"href":"https:\/\/anamorphose.eu\/index.php\/wp-json\/wp\/v2\/pages\/2","targetHints":{"allow":["GET"]}}],"collection":[{"href":"https:\/\/anamorphose.eu\/index.php\/wp-json\/wp\/v2\/pages"}],"about":[{"href":"https:\/\/anamorphose.eu\/index.php\/wp-json\/wp\/v2\/types\/page"}],"author":[{"embeddable":true,"href":"https:\/\/anamorphose.eu\/index.php\/wp-json\/wp\/v2\/users\/1"}],"replies":[{"embeddable":true,"href":"https:\/\/anamorphose.eu\/index.php\/wp-json\/wp\/v2\/comments?post=2"}],"version-history":[{"count":4,"href":"https:\/\/anamorphose.eu\/index.php\/wp-json\/wp\/v2\/pages\/2\/revisions"}],"predecessor-version":[{"id":426,"href":"https:\/\/anamorphose.eu\/index.php\/wp-json\/wp\/v2\/pages\/2\/revisions\/426"}],"wp:featuredmedia":[{"embeddable":true,"href":"https:\/\/anamorphose.eu\/index.php\/wp-json\/wp\/v2\/media\/102"}],"wp:attachment":[{"href":"https:\/\/anamorphose.eu\/index.php\/wp-json\/wp\/v2\/media?parent=2"}],"curies":[{"name":"wp","href":"https:\/\/api.w.org\/{rel}","templated":true}]}}